{"id":647,"date":"2024-07-17T14:55:58","date_gmt":"2024-07-17T12:55:58","guid":{"rendered":"https:\/\/www.autegardenmovers.com\/terms-of-use\/"},"modified":"2025-03-26T09:25:34","modified_gmt":"2025-03-26T08:25:34","slug":"terms-of-use","status":"publish","type":"page","link":"https:\/\/www.autegardenmovers.com\/en\/terms-of-use\/","title":{"rendered":"Terms of use"},"content":{"rendered":"\t\t<div data-elementor-type=\"wp-page\" data-elementor-id=\"647\" class=\"elementor elementor-647 elementor-11\" data-elementor-post-type=\"page\">\n\t\t\t\t<div class=\"elementor-element elementor-element-5e1ce46c e-con-full e-flex e-con e-parent\" data-id=\"5e1ce46c\" data-element_type=\"container\">\n\t\t<div class=\"elementor-element elementor-element-425cbe6e e-con-full e-flex e-con e-child\" data-id=\"425cbe6e\" data-element_type=\"container\">\n\t\t\t\t<div class=\"elementor-element elementor-element-3af74f65 elementor-widget elementor-widget-heading\" data-id=\"3af74f65\" data-element_type=\"widget\" data-widget_type=\"heading.default\">\n\t\t\t\t<div class=\"elementor-widget-container\">\n\t\t\t\t\t<h1 class=\"elementor-heading-title elementor-size-default\">Terms of use<\/h1>\t\t\t\t<\/div>\n\t\t\t\t<\/div>\n\t\t\t\t<div class=\"elementor-element elementor-element-411b9f6d elementor-widget elementor-widget-text-editor\" data-id=\"411b9f6d\" data-element_type=\"widget\" data-widget_type=\"text-editor.default\">\n\t\t\t\t<div class=\"elementor-widget-container\">\n\t\t\t\t\t\t\t\t\t<p><span style=\"font-weight: 400;\">Autegarden P. SRL<\/span><\/p><p><b>Head office : <\/b><span style=\"font-weight: 400;\">Rue de la Semence 17\/05 1080 Brussels<\/span><\/p><p><b>Phone number : <\/b><span style=\"font-weight: 400;\">02 \/ 216 08 88<\/span><\/p><p><b>E-mail address: <\/b><a href=\"mailto:contact@autegardenmovers.com\"><span style=\"font-weight: 400;\">contact@autegardenmovers.com<\/span><\/a><span style=\"font-weight: 400;\"> <\/span><\/p><p><b>Company number : <\/b><span style=\"font-weight: 400;\">0550.751.053<\/span><\/p><p><b>VAT number : <\/b><span style=\"font-weight: 400;\">BE 0550 751 053<\/span><\/p>\t\t\t\t\t\t\t\t<\/div>\n\t\t\t\t<\/div>\n\t\t\t\t<\/div>\n\t\t\t\t<\/div>\n\t\t\t\t<\/div>\n\t\t","protected":false},"excerpt":{"rendered":"<p>Terms of use Autegarden P. SRL Head office : Rue de la Semence 17\/05 1080 Brussels Phone number : 02 \/ 216 08 88 E-mail address: contact@autegardenmovers.com Company number : 0550.751.053 VAT number : BE 0550 751 053<\/p>\n","protected":false},"author":1,"featured_media":0,"parent":0,"menu_order":0,"comment_status":"closed","ping_status":"closed","template":"elementor_header_footer","meta":{"footnotes":""},"class_list":["post-647","page","type-page","status-publish","hentry"],"yoast_head":"<!-- This site is optimized with the Yoast SEO plugin v24.8.1 - https:\/\/yoast.com\/wordpress\/plugins\/seo\/ -->\n<title>Terms of use - Autegarden<\/title>\n<meta name=\"robots\" content=\"index, follow, max-snippet:-1, max-image-preview:large, max-video-preview:-1\" \/>\n<link rel=\"canonical\" href=\"https:\/\/www.autegardenmovers.com\/en\/terms-of-use\/\" \/>\n<meta property=\"og:locale\" content=\"en_US\" \/>\n<meta property=\"og:type\" content=\"article\" \/>\n<meta property=\"og:title\" content=\"Terms of use - Autegarden\" \/>\n<meta property=\"og:description\" content=\"Terms of use Autegarden P. SRL Head office : Rue de la Semence 17\/05 1080 Brussels Phone number : 02 \/ 216 08 88 E-mail address: contact@autegardenmovers.com Company number : 0550.751.053 VAT number : BE 0550 751 053\" \/>\n<meta property=\"og:url\" content=\"https:\/\/www.autegardenmovers.com\/en\/terms-of-use\/\" \/>\n<meta property=\"og:site_name\" content=\"Autegarden\" \/>\n<meta property=\"article:modified_time\" content=\"2025-03-26T08:25:34+00:00\" \/>\n<meta name=\"twitter:card\" content=\"summary_large_image\" \/>\n<script type=\"application\/ld+json\" class=\"yoast-schema-graph\">{\"@context\":\"https:\/\/schema.org\",\"@graph\":[{\"@type\":\"WebPage\",\"@id\":\"https:\/\/www.autegardenmovers.com\/en\/terms-of-use\/\",\"url\":\"https:\/\/www.autegardenmovers.com\/en\/terms-of-use\/\",\"name\":\"Terms of use - Autegarden\",\"isPartOf\":{\"@id\":\"https:\/\/www.autegardenmovers.com\/en\/#website\"},\"datePublished\":\"2024-07-17T12:55:58+00:00\",\"dateModified\":\"2025-03-26T08:25:34+00:00\",\"breadcrumb\":{\"@id\":\"https:\/\/www.autegardenmovers.com\/en\/terms-of-use\/#breadcrumb\"},\"inLanguage\":\"en-US\",\"potentialAction\":[{\"@type\":\"ReadAction\",\"target\":[\"https:\/\/www.autegardenmovers.com\/en\/terms-of-use\/\"]}]},{\"@type\":\"BreadcrumbList\",\"@id\":\"https:\/\/www.autegardenmovers.com\/en\/terms-of-use\/#breadcrumb\",\"itemListElement\":[{\"@type\":\"ListItem\",\"position\":1,\"name\":\"Accueil\",\"item\":\"https:\/\/www.autegardenmovers.com\/en\/\"},{\"@type\":\"ListItem\",\"position\":2,\"name\":\"Terms of use\"}]},{\"@type\":\"WebSite\",\"@id\":\"https:\/\/www.autegardenmovers.com\/en\/#website\",\"url\":\"https:\/\/www.autegardenmovers.com\/en\/\",\"name\":\"Autegarden\",\"description\":\"La solution id\u00e9ale pour un d\u00e9m\u00e9nagement serein\",\"potentialAction\":[{\"@type\":\"SearchAction\",\"target\":{\"@type\":\"EntryPoint\",\"urlTemplate\":\"https:\/\/www.autegardenmovers.com\/en\/?s={search_term_string}\"},\"query-input\":{\"@type\":\"PropertyValueSpecification\",\"valueRequired\":true,\"valueName\":\"search_term_string\"}}],\"inLanguage\":\"en-US\"}]}<\/script>\n<!-- \/ Yoast SEO plugin. -->","yoast_head_json":{"title":"Terms of use - Autegarden","robots":{"index":"index","follow":"follow","max-snippet":"max-snippet:-1","max-image-preview":"max-image-preview:large","max-video-preview":"max-video-preview:-1"},"canonical":"https:\/\/www.autegardenmovers.com\/en\/terms-of-use\/","og_locale":"en_US","og_type":"article","og_title":"Terms of use - Autegarden","og_description":"Terms of use Autegarden P. SRL Head office : Rue de la Semence 17\/05 1080 Brussels Phone number : 02 \/ 216 08 88 E-mail address: contact@autegardenmovers.com Company number : 0550.751.053 VAT number : BE 0550 751 053","og_url":"https:\/\/www.autegardenmovers.com\/en\/terms-of-use\/","og_site_name":"Autegarden","article_modified_time":"2025-03-26T08:25:34+00:00","twitter_card":"summary_large_image","schema":{"@context":"https:\/\/schema.org","@graph":[{"@type":"WebPage","@id":"https:\/\/www.autegardenmovers.com\/en\/terms-of-use\/","url":"https:\/\/www.autegardenmovers.com\/en\/terms-of-use\/","name":"Terms of use - Autegarden","isPartOf":{"@id":"https:\/\/www.autegardenmovers.com\/en\/#website"},"datePublished":"2024-07-17T12:55:58+00:00","dateModified":"2025-03-26T08:25:34+00:00","breadcrumb":{"@id":"https:\/\/www.autegardenmovers.com\/en\/terms-of-use\/#breadcrumb"},"inLanguage":"en-US","potentialAction":[{"@type":"ReadAction","target":["https:\/\/www.autegardenmovers.com\/en\/terms-of-use\/"]}]},{"@type":"BreadcrumbList","@id":"https:\/\/www.autegardenmovers.com\/en\/terms-of-use\/#breadcrumb","itemListElement":[{"@type":"ListItem","position":1,"name":"Accueil","item":"https:\/\/www.autegardenmovers.com\/en\/"},{"@type":"ListItem","position":2,"name":"Terms of use"}]},{"@type":"WebSite","@id":"https:\/\/www.autegardenmovers.com\/en\/#website","url":"https:\/\/www.autegardenmovers.com\/en\/","name":"Autegarden","description":"La solution id\u00e9ale pour un d\u00e9m\u00e9nagement serein","potentialAction":[{"@type":"SearchAction","target":{"@type":"EntryPoint","urlTemplate":"https:\/\/www.autegardenmovers.com\/en\/?s={search_term_string}"},"query-input":{"@type":"PropertyValueSpecification","valueRequired":true,"valueName":"search_term_string"}}],"inLanguage":"en-US"}]}},"_links":{"self":[{"href":"https:\/\/www.autegardenmovers.com\/en\/wp-json\/wp\/v2\/pages\/647","targetHints":{"allow":["GET"]}}],"collection":[{"href":"https:\/\/www.autegardenmovers.com\/en\/wp-json\/wp\/v2\/pages"}],"about":[{"href":"https:\/\/www.autegardenmovers.com\/en\/wp-json\/wp\/v2\/types\/page"}],"author":[{"embeddable":true,"href":"https:\/\/www.autegardenmovers.com\/en\/wp-json\/wp\/v2\/users\/1"}],"replies":[{"embeddable":true,"href":"https:\/\/www.autegardenmovers.com\/en\/wp-json\/wp\/v2\/comments?post=647"}],"version-history":[{"count":1,"href":"https:\/\/www.autegardenmovers.com\/en\/wp-json\/wp\/v2\/pages\/647\/revisions"}],"predecessor-version":[{"id":648,"href":"https:\/\/www.autegardenmovers.com\/en\/wp-json\/wp\/v2\/pages\/647\/revisions\/648"}],"wp:attachment":[{"href":"https:\/\/www.autegardenmovers.com\/en\/wp-json\/wp\/v2\/media?parent=647"}],"curies":[{"name":"wp","href":"https:\/\/api.w.org\/{rel}","templated":true}]}}