{"id":654,"date":"2024-07-17T14:56:20","date_gmt":"2024-07-17T12:56:20","guid":{"rendered":"https:\/\/www.autegardenmovers.com\/cookie-policy\/"},"modified":"2025-03-26T10:16:28","modified_gmt":"2025-03-26T09:16:28","slug":"cookie-policy","status":"publish","type":"page","link":"https:\/\/www.autegardenmovers.com\/en\/cookie-policy\/","title":{"rendered":"Cookie policy"},"content":{"rendered":"\t\t<div data-elementor-type=\"wp-page\" data-elementor-id=\"654\" class=\"elementor elementor-654 elementor-12\" data-elementor-post-type=\"page\">\n\t\t\t\t<div class=\"elementor-element elementor-element-2b389253 e-con-full e-flex e-con e-parent\" data-id=\"2b389253\" data-element_type=\"container\">\n\t\t<div class=\"elementor-element elementor-element-1dddd000 e-con-full e-flex e-con e-child\" data-id=\"1dddd000\" data-element_type=\"container\">\n\t\t\t\t<div class=\"elementor-element elementor-element-53bc9619 elementor-widget elementor-widget-heading\" data-id=\"53bc9619\" data-element_type=\"widget\" data-widget_type=\"heading.default\">\n\t\t\t\t<div class=\"elementor-widget-container\">\n\t\t\t\t\t<h1 class=\"elementor-heading-title elementor-size-default\">Cookie policy<\/h1>\t\t\t\t<\/div>\n\t\t\t\t<\/div>\n\t\t\t\t<div class=\"elementor-element elementor-element-21fc774b elementor-widget elementor-widget-heading\" data-id=\"21fc774b\" data-element_type=\"widget\" data-widget_type=\"heading.default\">\n\t\t\t\t<div class=\"elementor-widget-container\">\n\t\t\t\t\t<span class=\"elementor-heading-title elementor-size-default\">1. What is a cookie?<\/span>\t\t\t\t<\/div>\n\t\t\t\t<\/div>\n\t\t\t\t<div class=\"elementor-element elementor-element-88021ff elementor-widget elementor-widget-text-editor\" data-id=\"88021ff\" data-element_type=\"widget\" data-widget_type=\"text-editor.default\">\n\t\t\t\t<div class=\"elementor-widget-container\">\n\t\t\t\t\t\t\t\t\t<p><span style=\"font-weight: 400;\">Cookies are small data or text files placed locally on your computer or mobile device by websites or applications. These small files can store different types of information, such as your choice of language for a specific website, for example, which will allow you to view that site in your preferred language the next time you visit. Such cookies can serve different purposes.   <\/span><\/p><p><span style=\"font-weight: 400;\">The Belgian law of 13 June 2005 on electronic communications contains a number of provisions relating to cookies and their use on websites. The application of the Belgian law is based on the European e-Privacy Directive, which means that the use of cookies and their regulation at national level differs in the European countries since they have to implement the directive in national law. <\/span><\/p><p><span style=\"font-weight: 400;\">Autegarden P. SRL<\/span> <b>(&#8220;We\/our&#8221;)<\/b> <span style=\"font-weight: 400;\">is a company operating in the Belgian market and therefore follows the relevant Belgian and European legislation.<\/span><\/p>\t\t\t\t\t\t\t\t<\/div>\n\t\t\t\t<\/div>\n\t\t\t\t<\/div>\n\t\t\t\t<\/div>\n\t\t<div class=\"elementor-element elementor-element-5770560f e-con-full e-flex e-con e-parent\" data-id=\"5770560f\" data-element_type=\"container\">\n\t\t<div class=\"elementor-element elementor-element-6cb26b32 e-con-full e-flex e-con e-child\" data-id=\"6cb26b32\" data-element_type=\"container\">\n\t\t\t\t<div class=\"elementor-element elementor-element-4d085364 elementor-widget elementor-widget-heading\" data-id=\"4d085364\" data-element_type=\"widget\" data-widget_type=\"heading.default\">\n\t\t\t\t<div class=\"elementor-widget-container\">\n\t\t\t\t\t<span class=\"elementor-heading-title elementor-size-default\">2. What are the different types of cookies?<\/span>\t\t\t\t<\/div>\n\t\t\t\t<\/div>\n\t\t\t\t<div class=\"elementor-element elementor-element-8c60b9a elementor-widget elementor-widget-text-editor\" data-id=\"8c60b9a\" data-element_type=\"widget\" data-widget_type=\"text-editor.default\">\n\t\t\t\t<div class=\"elementor-widget-container\">\n\t\t\t\t\t\t\t\t\t<p><span style=\"font-weight: 400;\">Below are the different types of cookies with different purposes and uses:<\/span><\/p><ul><li style=\"font-weight: 400;\" aria-level=\"1\"><span style=\"font-weight: 400;\">Necessary cookies: These cookies are necessary to enable you to enjoy your visit and use of our website. This will allow you, for example, to complete forms.   <\/span><\/li><li style=\"font-weight: 400;\" aria-level=\"1\"><span style=\"font-weight: 400;\">Functional cookies: Functional cookies are intended to facilitate the operation of our website by making the visit more pleasant for the user and by personalising your experience. In practical terms, this can mean cookies that remember your language choice or your personal account settings.  <\/span><\/li><li style=\"font-weight: 400;\" aria-level=\"1\"><span style=\"font-weight: 400;\">Analysis cookies: These analysis cookies collect data about visitors&#8217; use of our website in order to continually improve and optimise your experience when visiting and using our website. <\/span><\/li><li style=\"font-weight: 400;\" aria-level=\"1\"><span style=\"font-weight: 400;\">Commercial cookies: Commercial cookies collect data on browsing behaviour to provide you with personalised content and advertising that may be of interest to you. Through these cookies, you may be offered advertising for products and services based on your interests. <\/span><\/li><\/ul>\t\t\t\t\t\t\t\t<\/div>\n\t\t\t\t<\/div>\n\t\t\t\t<\/div>\n\t\t\t\t<\/div>\n\t\t<div class=\"elementor-element elementor-element-2cdd503c e-con-full e-flex e-con e-parent\" data-id=\"2cdd503c\" data-element_type=\"container\">\n\t\t<div class=\"elementor-element elementor-element-407af613 e-con-full e-flex e-con e-child\" data-id=\"407af613\" data-element_type=\"container\">\n\t\t\t\t<div class=\"elementor-element elementor-element-52f2c74a elementor-widget elementor-widget-heading\" data-id=\"52f2c74a\" data-element_type=\"widget\" data-widget_type=\"heading.default\">\n\t\t\t\t<div class=\"elementor-widget-container\">\n\t\t\t\t\t<span class=\"elementor-heading-title elementor-size-default\">3. Who can set these different cookies?<\/span>\t\t\t\t<\/div>\n\t\t\t\t<\/div>\n\t\t\t\t<div class=\"elementor-element elementor-element-614fa54c elementor-widget elementor-widget-text-editor\" data-id=\"614fa54c\" data-element_type=\"widget\" data-widget_type=\"text-editor.default\">\n\t\t\t\t<div class=\"elementor-widget-container\">\n\t\t\t\t\t\t\t\t\t<p><span style=\"font-weight: 400;\">First party cookies: these cookies are managed and set by us and are specifically related to our website. <\/span><\/p><p><span style=\"font-weight: 400;\">Third party cookies: These cookies are managed and set by third parties and allow some information about your visit to our website to be sent to third parties, such as our partners.<\/span><\/p>\t\t\t\t\t\t\t\t<\/div>\n\t\t\t\t<\/div>\n\t\t\t\t<\/div>\n\t\t\t\t<\/div>\n\t\t<div class=\"elementor-element elementor-element-4aa18a64 e-con-full e-flex e-con e-parent\" data-id=\"4aa18a64\" data-element_type=\"container\">\n\t\t<div class=\"elementor-element elementor-element-3b80e83d e-con-full e-flex e-con e-child\" data-id=\"3b80e83d\" data-element_type=\"container\">\n\t\t\t\t<div class=\"elementor-element elementor-element-789ef842 elementor-widget elementor-widget-heading\" data-id=\"789ef842\" data-element_type=\"widget\" data-widget_type=\"heading.default\">\n\t\t\t\t<div class=\"elementor-widget-container\">\n\t\t\t\t\t<span class=\"elementor-heading-title elementor-size-default\">4. How long are cookies stored?<\/span>\t\t\t\t<\/div>\n\t\t\t\t<\/div>\n\t\t\t\t<div class=\"elementor-element elementor-element-4c140d71 elementor-widget elementor-widget-text-editor\" data-id=\"4c140d71\" data-element_type=\"widget\" data-widget_type=\"text-editor.default\">\n\t\t\t\t<div class=\"elementor-widget-container\">\n\t\t\t\t\t\t\t\t\t<p><span style=\"font-weight: 400;\">Cookies generally have an expiry date which may vary depending on their purpose. <\/span><\/p><p><span style=\"font-weight: 400;\">Temporary cookies: some cookies (session cookies) are stored on your browser or application temporarily and are deleted when you close your browser\/application. <\/span><\/p><p><span style=\"font-weight: 400;\">Permanent cookies: other cookies will be kept on your device for a longer period of time. Some may be kept for a predefined time or until manual intervention to delete them. It is these permanent cookies that allow us to recognise you on your next visit.  <\/span><\/p>\t\t\t\t\t\t\t\t<\/div>\n\t\t\t\t<\/div>\n\t\t\t\t<\/div>\n\t\t\t\t<\/div>\n\t\t<div class=\"elementor-element elementor-element-70435c7a e-con-full e-flex e-con e-parent\" data-id=\"70435c7a\" data-element_type=\"container\">\n\t\t<div class=\"elementor-element elementor-element-74c424a3 e-con-full e-flex e-con e-child\" data-id=\"74c424a3\" data-element_type=\"container\">\n\t\t\t\t<div class=\"elementor-element elementor-element-b01f9a0 elementor-widget elementor-widget-heading\" data-id=\"b01f9a0\" data-element_type=\"widget\" data-widget_type=\"heading.default\">\n\t\t\t\t<div class=\"elementor-widget-container\">\n\t\t\t\t\t<span class=\"elementor-heading-title elementor-size-default\">5. What is the purpose of cookies?<\/span>\t\t\t\t<\/div>\n\t\t\t\t<\/div>\n\t\t\t\t<div class=\"elementor-element elementor-element-49f54da3 elementor-widget elementor-widget-text-editor\" data-id=\"49f54da3\" data-element_type=\"widget\" data-widget_type=\"text-editor.default\">\n\t\t\t\t<div class=\"elementor-widget-container\">\n\t\t\t\t\t\t\t\t\t<p><span style=\"font-weight: 400;\">Autegarden P. SRL wishes to inform you as precisely as possible about the rules surrounding the use of cookies and the types of cookies it uses on its site. Cookies help Autegarden P. SRL to optimise your visit to its website, to remember your technical choices (such as a choice of language, a newsletter, etc.), and to provide you with offers and services that are increasingly well adapted to your needs. <\/span><\/p><p><span style=\"font-weight: 400;\">In order to use the Autegarden P. SRL website, it is recommended that you enable cookies. If cookies are deactivated, we may not be able to guarantee you a technically trouble-free visit to our website. However, you are free to deactivate cookies if you wish.  <\/span><\/p><p><span style=\"font-weight: 400;\">We use cookies to enhance your visit and use of our website. The cookies we use are secure. The information we collect using cookies helps us to identify any errors on our website and to provide you with specific and personalised services that we think may be of interest to you.  <\/span><\/p>\t\t\t\t\t\t\t\t<\/div>\n\t\t\t\t<\/div>\n\t\t\t\t<\/div>\n\t\t\t\t<\/div>\n\t\t<div class=\"elementor-element elementor-element-68c15e6b e-con-full e-flex e-con e-parent\" data-id=\"68c15e6b\" data-element_type=\"container\">\n\t\t<div class=\"elementor-element elementor-element-7883bb6 e-con-full e-flex e-con e-child\" data-id=\"7883bb6\" data-element_type=\"container\">\n\t\t\t\t<div class=\"elementor-element elementor-element-37da80f9 elementor-widget elementor-widget-heading\" data-id=\"37da80f9\" data-element_type=\"widget\" data-widget_type=\"heading.default\">\n\t\t\t\t<div class=\"elementor-widget-container\">\n\t\t\t\t\t<span class=\"elementor-heading-title elementor-size-default\">6. How do I manage\/delete installed cookies?<\/span>\t\t\t\t<\/div>\n\t\t\t\t<\/div>\n\t\t\t\t<div class=\"elementor-element elementor-element-340fc6c1 elementor-widget elementor-widget-text-editor\" data-id=\"340fc6c1\" data-element_type=\"widget\" data-widget_type=\"text-editor.default\">\n\t\t\t\t<div class=\"elementor-widget-container\">\n\t\t\t\t\t\t\t\t\t<p><span style=\"font-weight: 400;\">You can view, create exceptions or refuse the installation of cookies at any time via your browser settings. You can also delete installed cookies via your browser settings. To do this, please follow the steps on the following links:  <\/span><\/p><ul><li style=\"font-weight: 400;\" aria-level=\"1\"><span style=\"font-weight: 400;\">Internet Explorer: <\/span><a href=\"https:\/\/support.microsoft.com\/fr-fr\/help\/17442\/windows-internet-explorer-delete-manage-cookies\"><span style=\"font-weight: 400;\">https:\/\/support.microsoft.com\/fr-fr\/help\/17442\/windows-internet-explorer-delete-manage-cookies<\/span><\/a><span style=\"font-weight: 400;\">  <\/span><\/li><li style=\"font-weight: 400;\" aria-level=\"1\"><span style=\"font-weight: 400;\">Google Chrome: <\/span><a href=\"https:\/\/support.google.com\/chrome\/answer\/95647?hl=fr\"><span style=\"font-weight: 400;\">https:\/\/support.google.com\/chrome\/answer\/95647?hl=fr<\/span><\/a><span style=\"font-weight: 400;\"> <\/span><\/li><li style=\"font-weight: 400;\" aria-level=\"1\"><span style=\"font-weight: 400;\">Firefox: <\/span><a href=\"https:\/\/support.mozilla.org\/fr\/kb\/activer-desactiver-cookies-preferences\"><span style=\"font-weight: 400;\">https:\/\/support.mozilla.org\/fr\/kb\/activer-desactiver-cookies-preferences<\/span><\/a><span style=\"font-weight: 400;\"> <\/span><\/li><li style=\"font-weight: 400;\" aria-level=\"1\"><span style=\"font-weight: 400;\">Safari (iOS): <\/span><a href=\"https:\/\/support.apple.com\/fr-be\/HT201265\"><span style=\"font-weight: 400;\">https:\/\/support.apple.com\/fr-be\/HT201265<\/span><\/a><span style=\"font-weight: 400;\"> <\/span><\/li><li style=\"font-weight: 400;\" aria-level=\"1\"><span style=\"font-weight: 400;\">Safari (MacOS): <\/span><a href=\"https:\/\/support.apple.com\/fr-be\/guide\/safari\/sfri11471\/mac\"><span style=\"font-weight: 400;\">https:\/\/support.apple.com\/fr-be\/guide\/safari\/sfri11471\/mac<\/span><\/a><span style=\"font-weight: 400;\">  <\/span><\/li><\/ul><p><span style=\"font-weight: 400;\">If you wish to refuse commercial cookies, you can do so by following the steps on the website : <\/span><a href=\"https:\/\/www.youronlinechoices.com\/\"><span style=\"font-weight: 400;\">https:\/\/www.youronlinechoices.com\/<\/span><\/a><\/p>\t\t\t\t\t\t\t\t<\/div>\n\t\t\t\t<\/div>\n\t\t\t\t<\/div>\n\t\t\t\t<\/div>\n\t\t\t\t<section class=\"elementor-section elementor-top-section elementor-element elementor-element-3a69e6b8 elementor-section-boxed elementor-section-height-default elementor-section-height-default\" data-id=\"3a69e6b8\" data-element_type=\"section\">\n\t\t\t\t\t\t<div class=\"elementor-container elementor-column-gap-default\">\n\t\t\t\t\t<div class=\"elementor-column elementor-col-100 elementor-top-column elementor-element elementor-element-4154ceba\" data-id=\"4154ceba\" data-element_type=\"column\">\n\t\t\t<div class=\"elementor-widget-wrap elementor-element-populated\">\n\t\t\t\t\t\t<div class=\"elementor-element elementor-element-753ac7d4 elementor-widget elementor-widget-spacer\" data-id=\"753ac7d4\" data-element_type=\"widget\" data-widget_type=\"spacer.default\">\n\t\t\t\t<div class=\"elementor-widget-container\">\n\t\t\t\t\t\t\t<div class=\"elementor-spacer\">\n\t\t\t<div class=\"elementor-spacer-inner\"><\/div>\n\t\t<\/div>\n\t\t\t\t\t\t<\/div>\n\t\t\t\t<\/div>\n\t\t\t\t\t<\/div>\n\t\t<\/div>\n\t\t\t\t\t<\/div>\n\t\t<\/section>\n\t\t\t\t<\/div>\n\t\t","protected":false},"excerpt":{"rendered":"<p>Cookie policy 1. What is a cookie? Cookies are small data or text files placed locally on your computer or mobile device by websites or applications. These small files can store different types of information, such as your choice of language for a specific website, for example, which will allow you to view that site [&hellip;]<\/p>\n","protected":false},"author":1,"featured_media":0,"parent":0,"menu_order":0,"comment_status":"closed","ping_status":"closed","template":"","meta":{"footnotes":""},"class_list":["post-654","page","type-page","status-publish","hentry"],"yoast_head":"<!-- This site is optimized with the Yoast SEO plugin v24.8.1 - https:\/\/yoast.com\/wordpress\/plugins\/seo\/ -->\n<title>Cookie policy - Autegarden<\/title>\n<meta name=\"robots\" content=\"index, follow, max-snippet:-1, max-image-preview:large, max-video-preview:-1\" \/>\n<link rel=\"canonical\" href=\"https:\/\/www.autegardenmovers.com\/en\/cookie-policy\/\" \/>\n<meta property=\"og:locale\" content=\"en_US\" \/>\n<meta property=\"og:type\" content=\"article\" \/>\n<meta property=\"og:title\" content=\"Cookie policy - Autegarden\" \/>\n<meta property=\"og:description\" content=\"Cookie policy 1. What is a cookie? Cookies are small data or text files placed locally on your computer or mobile device by websites or applications. These small files can store different types of information, such as your choice of language for a specific website, for example, which will allow you to view that site [&hellip;]\" \/>\n<meta property=\"og:url\" content=\"https:\/\/www.autegardenmovers.com\/en\/cookie-policy\/\" \/>\n<meta property=\"og:site_name\" content=\"Autegarden\" \/>\n<meta property=\"article:modified_time\" content=\"2025-03-26T09:16:28+00:00\" \/>\n<meta name=\"twitter:card\" content=\"summary_large_image\" \/>\n<meta name=\"twitter:label1\" content=\"Est. reading time\" \/>\n\t<meta name=\"twitter:data1\" content=\"4 minutes\" \/>\n<script type=\"application\/ld+json\" class=\"yoast-schema-graph\">{\"@context\":\"https:\/\/schema.org\",\"@graph\":[{\"@type\":\"WebPage\",\"@id\":\"https:\/\/www.autegardenmovers.com\/en\/cookie-policy\/\",\"url\":\"https:\/\/www.autegardenmovers.com\/en\/cookie-policy\/\",\"name\":\"Cookie policy - Autegarden\",\"isPartOf\":{\"@id\":\"https:\/\/www.autegardenmovers.com\/en\/#website\"},\"datePublished\":\"2024-07-17T12:56:20+00:00\",\"dateModified\":\"2025-03-26T09:16:28+00:00\",\"breadcrumb\":{\"@id\":\"https:\/\/www.autegardenmovers.com\/en\/cookie-policy\/#breadcrumb\"},\"inLanguage\":\"en-US\",\"potentialAction\":[{\"@type\":\"ReadAction\",\"target\":[\"https:\/\/www.autegardenmovers.com\/en\/cookie-policy\/\"]}]},{\"@type\":\"BreadcrumbList\",\"@id\":\"https:\/\/www.autegardenmovers.com\/en\/cookie-policy\/#breadcrumb\",\"itemListElement\":[{\"@type\":\"ListItem\",\"position\":1,\"name\":\"Accueil\",\"item\":\"https:\/\/www.autegardenmovers.com\/en\/\"},{\"@type\":\"ListItem\",\"position\":2,\"name\":\"Cookie policy\"}]},{\"@type\":\"WebSite\",\"@id\":\"https:\/\/www.autegardenmovers.com\/en\/#website\",\"url\":\"https:\/\/www.autegardenmovers.com\/en\/\",\"name\":\"Autegarden\",\"description\":\"La solution id\u00e9ale pour un d\u00e9m\u00e9nagement serein\",\"potentialAction\":[{\"@type\":\"SearchAction\",\"target\":{\"@type\":\"EntryPoint\",\"urlTemplate\":\"https:\/\/www.autegardenmovers.com\/en\/?s={search_term_string}\"},\"query-input\":{\"@type\":\"PropertyValueSpecification\",\"valueRequired\":true,\"valueName\":\"search_term_string\"}}],\"inLanguage\":\"en-US\"}]}<\/script>\n<!-- \/ Yoast SEO plugin. -->","yoast_head_json":{"title":"Cookie policy - Autegarden","robots":{"index":"index","follow":"follow","max-snippet":"max-snippet:-1","max-image-preview":"max-image-preview:large","max-video-preview":"max-video-preview:-1"},"canonical":"https:\/\/www.autegardenmovers.com\/en\/cookie-policy\/","og_locale":"en_US","og_type":"article","og_title":"Cookie policy - Autegarden","og_description":"Cookie policy 1. What is a cookie? Cookies are small data or text files placed locally on your computer or mobile device by websites or applications. These small files can store different types of information, such as your choice of language for a specific website, for example, which will allow you to view that site [&hellip;]","og_url":"https:\/\/www.autegardenmovers.com\/en\/cookie-policy\/","og_site_name":"Autegarden","article_modified_time":"2025-03-26T09:16:28+00:00","twitter_card":"summary_large_image","twitter_misc":{"Est. reading time":"4 minutes"},"schema":{"@context":"https:\/\/schema.org","@graph":[{"@type":"WebPage","@id":"https:\/\/www.autegardenmovers.com\/en\/cookie-policy\/","url":"https:\/\/www.autegardenmovers.com\/en\/cookie-policy\/","name":"Cookie policy - Autegarden","isPartOf":{"@id":"https:\/\/www.autegardenmovers.com\/en\/#website"},"datePublished":"2024-07-17T12:56:20+00:00","dateModified":"2025-03-26T09:16:28+00:00","breadcrumb":{"@id":"https:\/\/www.autegardenmovers.com\/en\/cookie-policy\/#breadcrumb"},"inLanguage":"en-US","potentialAction":[{"@type":"ReadAction","target":["https:\/\/www.autegardenmovers.com\/en\/cookie-policy\/"]}]},{"@type":"BreadcrumbList","@id":"https:\/\/www.autegardenmovers.com\/en\/cookie-policy\/#breadcrumb","itemListElement":[{"@type":"ListItem","position":1,"name":"Accueil","item":"https:\/\/www.autegardenmovers.com\/en\/"},{"@type":"ListItem","position":2,"name":"Cookie policy"}]},{"@type":"WebSite","@id":"https:\/\/www.autegardenmovers.com\/en\/#website","url":"https:\/\/www.autegardenmovers.com\/en\/","name":"Autegarden","description":"La solution id\u00e9ale pour un d\u00e9m\u00e9nagement serein","potentialAction":[{"@type":"SearchAction","target":{"@type":"EntryPoint","urlTemplate":"https:\/\/www.autegardenmovers.com\/en\/?s={search_term_string}"},"query-input":{"@type":"PropertyValueSpecification","valueRequired":true,"valueName":"search_term_string"}}],"inLanguage":"en-US"}]}},"_links":{"self":[{"href":"https:\/\/www.autegardenmovers.com\/en\/wp-json\/wp\/v2\/pages\/654","targetHints":{"allow":["GET"]}}],"collection":[{"href":"https:\/\/www.autegardenmovers.com\/en\/wp-json\/wp\/v2\/pages"}],"about":[{"href":"https:\/\/www.autegardenmovers.com\/en\/wp-json\/wp\/v2\/types\/page"}],"author":[{"embeddable":true,"href":"https:\/\/www.autegardenmovers.com\/en\/wp-json\/wp\/v2\/users\/1"}],"replies":[{"embeddable":true,"href":"https:\/\/www.autegardenmovers.com\/en\/wp-json\/wp\/v2\/comments?post=654"}],"version-history":[{"count":1,"href":"https:\/\/www.autegardenmovers.com\/en\/wp-json\/wp\/v2\/pages\/654\/revisions"}],"predecessor-version":[{"id":655,"href":"https:\/\/www.autegardenmovers.com\/en\/wp-json\/wp\/v2\/pages\/654\/revisions\/655"}],"wp:attachment":[{"href":"https:\/\/www.autegardenmovers.com\/en\/wp-json\/wp\/v2\/media?parent=654"}],"curies":[{"name":"wp","href":"https:\/\/api.w.org\/{rel}","templated":true}]}}